
{"id":21,"date":"2023-02-24T23:15:48","date_gmt":"2023-02-24T23:15:48","guid":{"rendered":"https:\/\/fleteenguadalajara.com\/flete-en-jalisco\/?page_id=21"},"modified":"2023-03-11T14:52:40","modified_gmt":"2023-03-11T14:52:40","slug":"nosotros","status":"publish","type":"page","link":"https:\/\/fleteenguadalajara.com\/flete-en-jalisco\/nosotros\/","title":{"rendered":"Nuestra Historia en Fletes en Guadalajara Jalisco"},"content":{"rendered":"<p><img loading=\"lazy\" decoding=\"async\" class=\" wp-image-75 alignright\" src=\"https:\/\/fleteenguadalajara.com\/flete-en-jalisco\/wp-content\/uploads\/sites\/3\/2023\/02\/slider-300x150.jpg\" alt=\"\" width=\"424\" height=\"212\" srcset=\"https:\/\/fleteenguadalajara.com\/flete-en-jalisco\/wp-content\/uploads\/sites\/3\/2023\/02\/slider-300x150.jpg 300w, https:\/\/fleteenguadalajara.com\/flete-en-jalisco\/wp-content\/uploads\/sites\/3\/2023\/02\/slider-768x384.jpg 768w, https:\/\/fleteenguadalajara.com\/flete-en-jalisco\/wp-content\/uploads\/sites\/3\/2023\/02\/slider-1024x512.jpg 1024w, https:\/\/fleteenguadalajara.com\/flete-en-jalisco\/wp-content\/uploads\/sites\/3\/2023\/02\/slider-1536x768.jpg 1536w, https:\/\/fleteenguadalajara.com\/flete-en-jalisco\/wp-content\/uploads\/sites\/3\/2023\/02\/slider.jpg 1920w\" sizes=\"(max-width: 424px) 100vw, 424px\" \/> Fletes en Guadalajara, tenemos la experiencia de 13 a\u00f1os, iniciamos en los municipios de Guadalajara, Zapopan, Tlaquepaque, Tonal\u00e1 as\u00ed como a los principales estados de M\u00e9xico actualmente cubriendo transporte de carga y fletes for\u00e1neos de Guadalajara a todos los estados y regiones de M\u00e9xico, en transporte terrestre en flete dedicado puerta a puerta (Door to Door), en carga general no peligrosa, carga ligera 500 kg 1 tonelada 1.5 toneladas 3 toneladas 5 toneladas y carga intermedia 7 toneladas 9 toneladas 11 toneladas y 15 Toneladas.<\/p>\n<p><strong>Visi\u00f3n:<\/strong><br \/>\nSomos una empresa con \u00e9tica dedicada a proveer servicios de transportes, carga general puerta a puerta (DOOR-TO-DOOR), Dedicados, Carga Consolidada y Caja Completa (LTL y TL) y log\u00edsticos integrales.<\/p>\n<p>Nuestra meta es ser una empresa en el mercado de transportes de carga y fletes log\u00edsticos, ofreciendo soluciones de env\u00edos, seguros eficientes a un costo competitivo.<\/p>\n<p>Nuestro principal objetivo es ser su mejor opci\u00f3n y alternativa, en env\u00edos de cada flete le garantizamos el mejor esfuerzo por transportar sus mercanc\u00edas y bienes de manera segura, a tiempo y a un costo competitivo.<\/p>\n","protected":false},"excerpt":{"rendered":"<p>Fletes en Guadalajara, tenemos la experiencia de 13 a\u00f1os, iniciamos en los municipios de Guadalajara, Zapopan, Tlaquepaque, Tonal\u00e1 as\u00ed como a los principales estados de M\u00e9xico actualmente cubriendo transporte de carga y fletes for\u00e1neos de Guadalajara a todos los estados y regiones de M\u00e9xico, en transporte terrestre en flete dedicado puerta a puerta (Door to [&hellip;]<\/p>\n","protected":false},"author":1,"featured_media":0,"parent":0,"menu_order":14,"comment_status":"closed","ping_status":"closed","template":"","meta":{"_acf_changed":false,"footnotes":""},"class_list":["post-21","page","type-page","status-publish","hentry"],"acf":[],"yoast_head":"<!-- This site is optimized with the Yoast SEO plugin v23.1 - https:\/\/yoast.com\/wordpress\/plugins\/seo\/ -->\n<title>Nuestra Historia en Fletes en Guadalajara Jalisco - Flete en Jalisco<\/title>\n<meta name=\"robots\" content=\"index, follow, max-snippet:-1, max-image-preview:large, max-video-preview:-1\" \/>\n<link rel=\"canonical\" href=\"https:\/\/fleteenguadalajara.com\/flete-en-jalisco\/nosotros\/\" \/>\n<meta property=\"og:locale\" content=\"es_MX\" \/>\n<meta property=\"og:type\" content=\"article\" \/>\n<meta property=\"og:title\" content=\"Nuestra Historia en Fletes en Guadalajara Jalisco - Flete en Jalisco\" \/>\n<meta property=\"og:description\" content=\"Fletes en Guadalajara, tenemos la experiencia de 13 a\u00f1os, iniciamos en los municipios de Guadalajara, Zapopan, Tlaquepaque, Tonal\u00e1 as\u00ed como a los principales estados de M\u00e9xico actualmente cubriendo transporte de carga y fletes for\u00e1neos de Guadalajara a todos los estados y regiones de M\u00e9xico, en transporte terrestre en flete dedicado puerta a puerta (Door to [&hellip;]\" \/>\n<meta property=\"og:url\" content=\"https:\/\/fleteenguadalajara.com\/flete-en-jalisco\/nosotros\/\" \/>\n<meta property=\"og:site_name\" content=\"Flete en Jalisco\" \/>\n<meta property=\"article:modified_time\" content=\"2023-03-11T14:52:40+00:00\" \/>\n<meta property=\"og:image\" content=\"https:\/\/fleteenguadalajara.com\/flete-en-jalisco\/wp-content\/uploads\/sites\/3\/2023\/02\/slider-300x150.jpg\" \/>\n<meta name=\"twitter:card\" content=\"summary_large_image\" \/>\n<meta name=\"twitter:label1\" content=\"Tiempo de lectura\" \/>\n\t<meta name=\"twitter:data1\" content=\"2 minutos\" \/>\n<script type=\"application\/ld+json\" class=\"yoast-schema-graph\">{\"@context\":\"https:\/\/schema.org\",\"@graph\":[{\"@type\":\"WebPage\",\"@id\":\"https:\/\/fleteenguadalajara.com\/flete-en-jalisco\/nosotros\/\",\"url\":\"https:\/\/fleteenguadalajara.com\/flete-en-jalisco\/nosotros\/\",\"name\":\"Nuestra Historia en Fletes en Guadalajara Jalisco - Flete en Jalisco\",\"isPartOf\":{\"@id\":\"https:\/\/fleteenguadalajara.com\/flete-en-jalisco\/#website\"},\"primaryImageOfPage\":{\"@id\":\"https:\/\/fleteenguadalajara.com\/flete-en-jalisco\/nosotros\/#primaryimage\"},\"image\":{\"@id\":\"https:\/\/fleteenguadalajara.com\/flete-en-jalisco\/nosotros\/#primaryimage\"},\"thumbnailUrl\":\"https:\/\/fleteenguadalajara.com\/flete-en-jalisco\/wp-content\/uploads\/sites\/3\/2023\/02\/slider-300x150.jpg\",\"datePublished\":\"2023-02-24T23:15:48+00:00\",\"dateModified\":\"2023-03-11T14:52:40+00:00\",\"breadcrumb\":{\"@id\":\"https:\/\/fleteenguadalajara.com\/flete-en-jalisco\/nosotros\/#breadcrumb\"},\"inLanguage\":\"es\",\"potentialAction\":[{\"@type\":\"ReadAction\",\"target\":[\"https:\/\/fleteenguadalajara.com\/flete-en-jalisco\/nosotros\/\"]}]},{\"@type\":\"ImageObject\",\"inLanguage\":\"es\",\"@id\":\"https:\/\/fleteenguadalajara.com\/flete-en-jalisco\/nosotros\/#primaryimage\",\"url\":\"https:\/\/fleteenguadalajara.com\/flete-en-jalisco\/wp-content\/uploads\/sites\/3\/2023\/02\/slider.jpg\",\"contentUrl\":\"https:\/\/fleteenguadalajara.com\/flete-en-jalisco\/wp-content\/uploads\/sites\/3\/2023\/02\/slider.jpg\",\"width\":1920,\"height\":960},{\"@type\":\"BreadcrumbList\",\"@id\":\"https:\/\/fleteenguadalajara.com\/flete-en-jalisco\/nosotros\/#breadcrumb\",\"itemListElement\":[{\"@type\":\"ListItem\",\"position\":1,\"name\":\"Inicio\",\"item\":\"https:\/\/fleteenguadalajara.com\/flete-en-jalisco\/\"},{\"@type\":\"ListItem\",\"position\":2,\"name\":\"Nuestra Historia en Fletes en Guadalajara Jalisco\"}]},{\"@type\":\"WebSite\",\"@id\":\"https:\/\/fleteenguadalajara.com\/flete-en-jalisco\/#website\",\"url\":\"https:\/\/fleteenguadalajara.com\/flete-en-jalisco\/\",\"name\":\"Flete en Jalisco\",\"description\":\"\",\"publisher\":{\"@id\":\"https:\/\/fleteenguadalajara.com\/flete-en-jalisco\/#organization\"},\"potentialAction\":[{\"@type\":\"SearchAction\",\"target\":{\"@type\":\"EntryPoint\",\"urlTemplate\":\"https:\/\/fleteenguadalajara.com\/flete-en-jalisco\/?s={search_term_string}\"},\"query-input\":\"required name=search_term_string\"}],\"inLanguage\":\"es\"},{\"@type\":\"Organization\",\"@id\":\"https:\/\/fleteenguadalajara.com\/flete-en-jalisco\/#organization\",\"name\":\"Flete en Jalisco\",\"url\":\"https:\/\/fleteenguadalajara.com\/flete-en-jalisco\/\",\"logo\":{\"@type\":\"ImageObject\",\"inLanguage\":\"es\",\"@id\":\"https:\/\/fleteenguadalajara.com\/flete-en-jalisco\/#\/schema\/logo\/image\/\",\"url\":\"https:\/\/fleteenguadalajara.com\/flete-en-jalisco\/wp-content\/uploads\/sites\/3\/2023\/02\/logo-v7-3.png\",\"contentUrl\":\"https:\/\/fleteenguadalajara.com\/flete-en-jalisco\/wp-content\/uploads\/sites\/3\/2023\/02\/logo-v7-3.png\",\"width\":130,\"height\":109,\"caption\":\"Flete en Jalisco\"},\"image\":{\"@id\":\"https:\/\/fleteenguadalajara.com\/flete-en-jalisco\/#\/schema\/logo\/image\/\"}}]}<\/script>\n<!-- \/ Yoast SEO plugin. -->","yoast_head_json":{"title":"Nuestra Historia en Fletes en Guadalajara Jalisco - Flete en Jalisco","robots":{"index":"index","follow":"follow","max-snippet":"max-snippet:-1","max-image-preview":"max-image-preview:large","max-video-preview":"max-video-preview:-1"},"canonical":"https:\/\/fleteenguadalajara.com\/flete-en-jalisco\/nosotros\/","og_locale":"es_MX","og_type":"article","og_title":"Nuestra Historia en Fletes en Guadalajara Jalisco - Flete en Jalisco","og_description":"Fletes en Guadalajara, tenemos la experiencia de 13 a\u00f1os, iniciamos en los municipios de Guadalajara, Zapopan, Tlaquepaque, Tonal\u00e1 as\u00ed como a los principales estados de M\u00e9xico actualmente cubriendo transporte de carga y fletes for\u00e1neos de Guadalajara a todos los estados y regiones de M\u00e9xico, en transporte terrestre en flete dedicado puerta a puerta (Door to [&hellip;]","og_url":"https:\/\/fleteenguadalajara.com\/flete-en-jalisco\/nosotros\/","og_site_name":"Flete en Jalisco","article_modified_time":"2023-03-11T14:52:40+00:00","og_image":[{"url":"https:\/\/fleteenguadalajara.com\/flete-en-jalisco\/wp-content\/uploads\/sites\/3\/2023\/02\/slider-300x150.jpg"}],"twitter_card":"summary_large_image","twitter_misc":{"Tiempo de lectura":"2 minutos"},"schema":{"@context":"https:\/\/schema.org","@graph":[{"@type":"WebPage","@id":"https:\/\/fleteenguadalajara.com\/flete-en-jalisco\/nosotros\/","url":"https:\/\/fleteenguadalajara.com\/flete-en-jalisco\/nosotros\/","name":"Nuestra Historia en Fletes en Guadalajara Jalisco - Flete en Jalisco","isPartOf":{"@id":"https:\/\/fleteenguadalajara.com\/flete-en-jalisco\/#website"},"primaryImageOfPage":{"@id":"https:\/\/fleteenguadalajara.com\/flete-en-jalisco\/nosotros\/#primaryimage"},"image":{"@id":"https:\/\/fleteenguadalajara.com\/flete-en-jalisco\/nosotros\/#primaryimage"},"thumbnailUrl":"https:\/\/fleteenguadalajara.com\/flete-en-jalisco\/wp-content\/uploads\/sites\/3\/2023\/02\/slider-300x150.jpg","datePublished":"2023-02-24T23:15:48+00:00","dateModified":"2023-03-11T14:52:40+00:00","breadcrumb":{"@id":"https:\/\/fleteenguadalajara.com\/flete-en-jalisco\/nosotros\/#breadcrumb"},"inLanguage":"es","potentialAction":[{"@type":"ReadAction","target":["https:\/\/fleteenguadalajara.com\/flete-en-jalisco\/nosotros\/"]}]},{"@type":"ImageObject","inLanguage":"es","@id":"https:\/\/fleteenguadalajara.com\/flete-en-jalisco\/nosotros\/#primaryimage","url":"https:\/\/fleteenguadalajara.com\/flete-en-jalisco\/wp-content\/uploads\/sites\/3\/2023\/02\/slider.jpg","contentUrl":"https:\/\/fleteenguadalajara.com\/flete-en-jalisco\/wp-content\/uploads\/sites\/3\/2023\/02\/slider.jpg","width":1920,"height":960},{"@type":"BreadcrumbList","@id":"https:\/\/fleteenguadalajara.com\/flete-en-jalisco\/nosotros\/#breadcrumb","itemListElement":[{"@type":"ListItem","position":1,"name":"Inicio","item":"https:\/\/fleteenguadalajara.com\/flete-en-jalisco\/"},{"@type":"ListItem","position":2,"name":"Nuestra Historia en Fletes en Guadalajara Jalisco"}]},{"@type":"WebSite","@id":"https:\/\/fleteenguadalajara.com\/flete-en-jalisco\/#website","url":"https:\/\/fleteenguadalajara.com\/flete-en-jalisco\/","name":"Flete en Jalisco","description":"","publisher":{"@id":"https:\/\/fleteenguadalajara.com\/flete-en-jalisco\/#organization"},"potentialAction":[{"@type":"SearchAction","target":{"@type":"EntryPoint","urlTemplate":"https:\/\/fleteenguadalajara.com\/flete-en-jalisco\/?s={search_term_string}"},"query-input":"required name=search_term_string"}],"inLanguage":"es"},{"@type":"Organization","@id":"https:\/\/fleteenguadalajara.com\/flete-en-jalisco\/#organization","name":"Flete en Jalisco","url":"https:\/\/fleteenguadalajara.com\/flete-en-jalisco\/","logo":{"@type":"ImageObject","inLanguage":"es","@id":"https:\/\/fleteenguadalajara.com\/flete-en-jalisco\/#\/schema\/logo\/image\/","url":"https:\/\/fleteenguadalajara.com\/flete-en-jalisco\/wp-content\/uploads\/sites\/3\/2023\/02\/logo-v7-3.png","contentUrl":"https:\/\/fleteenguadalajara.com\/flete-en-jalisco\/wp-content\/uploads\/sites\/3\/2023\/02\/logo-v7-3.png","width":130,"height":109,"caption":"Flete en Jalisco"},"image":{"@id":"https:\/\/fleteenguadalajara.com\/flete-en-jalisco\/#\/schema\/logo\/image\/"}}]}},"_links":{"self":[{"href":"https:\/\/fleteenguadalajara.com\/flete-en-jalisco\/wp-json\/wp\/v2\/pages\/21"}],"collection":[{"href":"https:\/\/fleteenguadalajara.com\/flete-en-jalisco\/wp-json\/wp\/v2\/pages"}],"about":[{"href":"https:\/\/fleteenguadalajara.com\/flete-en-jalisco\/wp-json\/wp\/v2\/types\/page"}],"author":[{"embeddable":true,"href":"https:\/\/fleteenguadalajara.com\/flete-en-jalisco\/wp-json\/wp\/v2\/users\/1"}],"replies":[{"embeddable":true,"href":"https:\/\/fleteenguadalajara.com\/flete-en-jalisco\/wp-json\/wp\/v2\/comments?post=21"}],"version-history":[{"count":0,"href":"https:\/\/fleteenguadalajara.com\/flete-en-jalisco\/wp-json\/wp\/v2\/pages\/21\/revisions"}],"wp:attachment":[{"href":"https:\/\/fleteenguadalajara.com\/flete-en-jalisco\/wp-json\/wp\/v2\/media?parent=21"}],"curies":[{"name":"wp","href":"https:\/\/api.w.org\/{rel}","templated":true}]}}