
{"id":420,"date":"2023-03-12T18:53:56","date_gmt":"2023-03-12T18:53:56","guid":{"rendered":"https:\/\/fleteenguadalajara.com\/flete-en-jalisco\/?page_id=420"},"modified":"2023-03-12T18:57:11","modified_gmt":"2023-03-12T18:57:11","slug":"fletes-en-camioneta-y-camion-rabon-y-torton-de-carga-ligera-e-intermedia-semi-pesada","status":"publish","type":"page","link":"https:\/\/fleteenguadalajara.com\/flete-en-jalisco\/fletes-en-camioneta-y-camion-rabon-y-torton-de-carga-ligera-e-intermedia-semi-pesada\/","title":{"rendered":"Fletes en camioneta y cami\u00f3n rab\u00f3n y torton de carga ligera e intermedia, semi pesada."},"content":{"rendered":"<div class=\"row\">\n<div class=\"col-md-6\">\nExpertos llevando hasta su destino en la Rep\u00fablica Mexicana, tenemos unidades que pueden transportar cargas de 1 tonelada hasta 18 toneladas<br \/>\nEn resumen, los fletes en camioneta y cami\u00f3n tipo rab\u00f3n y Torton de carga ligera e intermedia, semi pesada son una opci\u00f3n eficiente y econ\u00f3mica para peque\u00f1as y medianas empresas que necesitan transportar cargas en zonas urbanas o rurales a s\u00ed economizando y eficientar la cadena de suministros y log\u00edsticos ya sea en distancias largas o cortas en servicio directo dedicado expr\u00e9s u ordinario.\n<\/div>\n<div class=\"col-md-6\">\n<img decoding=\"async\" src=\"https:\/\/fleteenguadalajara.com\/flete-en-jalisco\/wp-content\/uploads\/sites\/3\/2023\/02\/c2-copy.jpg\" alt=\"\" class=\"img-fluid\" \/>\n<\/div>\n<\/div>\n","protected":false},"excerpt":{"rendered":"<p>Expertos llevando hasta su destino en la Rep\u00fablica Mexicana, tenemos unidades que pueden transportar cargas de 1 tonelada hasta 18 toneladas En resumen, los fletes en camioneta y cami\u00f3n tipo rab\u00f3n y Torton de carga ligera e intermedia, semi pesada son una opci\u00f3n eficiente y econ\u00f3mica para peque\u00f1as y medianas empresas que necesitan transportar cargas [&hellip;]<\/p>\n","protected":false},"author":1,"featured_media":0,"parent":0,"menu_order":3,"comment_status":"closed","ping_status":"closed","template":"","meta":{"_acf_changed":false,"footnotes":""},"class_list":["post-420","page","type-page","status-publish","hentry"],"acf":[],"yoast_head":"<!-- This site is optimized with the Yoast SEO plugin v23.1 - https:\/\/yoast.com\/wordpress\/plugins\/seo\/ -->\n<title>Fletes en camioneta y cami\u00f3n rab\u00f3n y torton de carga ligera e intermedia, semi pesada. - Flete en Jalisco<\/title>\n<meta name=\"robots\" content=\"index, follow, max-snippet:-1, max-image-preview:large, max-video-preview:-1\" \/>\n<link rel=\"canonical\" href=\"https:\/\/fleteenguadalajara.com\/flete-en-jalisco\/fletes-en-camioneta-y-camion-rabon-y-torton-de-carga-ligera-e-intermedia-semi-pesada\/\" \/>\n<meta property=\"og:locale\" content=\"es_MX\" \/>\n<meta property=\"og:type\" content=\"article\" \/>\n<meta property=\"og:title\" content=\"Fletes en camioneta y cami\u00f3n rab\u00f3n y torton de carga ligera e intermedia, semi pesada. - Flete en Jalisco\" \/>\n<meta property=\"og:description\" content=\"Expertos llevando hasta su destino en la Rep\u00fablica Mexicana, tenemos unidades que pueden transportar cargas de 1 tonelada hasta 18 toneladas En resumen, los fletes en camioneta y cami\u00f3n tipo rab\u00f3n y Torton de carga ligera e intermedia, semi pesada son una opci\u00f3n eficiente y econ\u00f3mica para peque\u00f1as y medianas empresas que necesitan transportar cargas [&hellip;]\" \/>\n<meta property=\"og:url\" content=\"https:\/\/fleteenguadalajara.com\/flete-en-jalisco\/fletes-en-camioneta-y-camion-rabon-y-torton-de-carga-ligera-e-intermedia-semi-pesada\/\" \/>\n<meta property=\"og:site_name\" content=\"Flete en Jalisco\" \/>\n<meta property=\"article:modified_time\" content=\"2023-03-12T18:57:11+00:00\" \/>\n<meta property=\"og:image\" content=\"https:\/\/fleteenguadalajara.com\/flete-en-jalisco\/wp-content\/uploads\/sites\/3\/2023\/02\/c2-copy.jpg\" \/>\n<meta name=\"twitter:card\" content=\"summary_large_image\" \/>\n<meta name=\"twitter:label1\" content=\"Tiempo de lectura\" \/>\n\t<meta name=\"twitter:data1\" content=\"1 minuto\" \/>\n<script type=\"application\/ld+json\" class=\"yoast-schema-graph\">{\"@context\":\"https:\/\/schema.org\",\"@graph\":[{\"@type\":\"WebPage\",\"@id\":\"https:\/\/fleteenguadalajara.com\/flete-en-jalisco\/fletes-en-camioneta-y-camion-rabon-y-torton-de-carga-ligera-e-intermedia-semi-pesada\/\",\"url\":\"https:\/\/fleteenguadalajara.com\/flete-en-jalisco\/fletes-en-camioneta-y-camion-rabon-y-torton-de-carga-ligera-e-intermedia-semi-pesada\/\",\"name\":\"Fletes en camioneta y cami\u00f3n rab\u00f3n y torton de carga ligera e intermedia, semi pesada. - Flete en Jalisco\",\"isPartOf\":{\"@id\":\"https:\/\/fleteenguadalajara.com\/flete-en-jalisco\/#website\"},\"primaryImageOfPage\":{\"@id\":\"https:\/\/fleteenguadalajara.com\/flete-en-jalisco\/fletes-en-camioneta-y-camion-rabon-y-torton-de-carga-ligera-e-intermedia-semi-pesada\/#primaryimage\"},\"image\":{\"@id\":\"https:\/\/fleteenguadalajara.com\/flete-en-jalisco\/fletes-en-camioneta-y-camion-rabon-y-torton-de-carga-ligera-e-intermedia-semi-pesada\/#primaryimage\"},\"thumbnailUrl\":\"https:\/\/fleteenguadalajara.com\/flete-en-jalisco\/wp-content\/uploads\/sites\/3\/2023\/02\/c2-copy.jpg\",\"datePublished\":\"2023-03-12T18:53:56+00:00\",\"dateModified\":\"2023-03-12T18:57:11+00:00\",\"breadcrumb\":{\"@id\":\"https:\/\/fleteenguadalajara.com\/flete-en-jalisco\/fletes-en-camioneta-y-camion-rabon-y-torton-de-carga-ligera-e-intermedia-semi-pesada\/#breadcrumb\"},\"inLanguage\":\"es\",\"potentialAction\":[{\"@type\":\"ReadAction\",\"target\":[\"https:\/\/fleteenguadalajara.com\/flete-en-jalisco\/fletes-en-camioneta-y-camion-rabon-y-torton-de-carga-ligera-e-intermedia-semi-pesada\/\"]}]},{\"@type\":\"ImageObject\",\"inLanguage\":\"es\",\"@id\":\"https:\/\/fleteenguadalajara.com\/flete-en-jalisco\/fletes-en-camioneta-y-camion-rabon-y-torton-de-carga-ligera-e-intermedia-semi-pesada\/#primaryimage\",\"url\":\"https:\/\/fleteenguadalajara.com\/flete-en-jalisco\/wp-content\/uploads\/sites\/3\/2023\/02\/c2-copy.jpg\",\"contentUrl\":\"https:\/\/fleteenguadalajara.com\/flete-en-jalisco\/wp-content\/uploads\/sites\/3\/2023\/02\/c2-copy.jpg\",\"width\":1200,\"height\":1200},{\"@type\":\"BreadcrumbList\",\"@id\":\"https:\/\/fleteenguadalajara.com\/flete-en-jalisco\/fletes-en-camioneta-y-camion-rabon-y-torton-de-carga-ligera-e-intermedia-semi-pesada\/#breadcrumb\",\"itemListElement\":[{\"@type\":\"ListItem\",\"position\":1,\"name\":\"Inicio\",\"item\":\"https:\/\/fleteenguadalajara.com\/flete-en-jalisco\/\"},{\"@type\":\"ListItem\",\"position\":2,\"name\":\"Fletes en camioneta y cami\u00f3n rab\u00f3n y torton de carga ligera e intermedia, semi pesada.\"}]},{\"@type\":\"WebSite\",\"@id\":\"https:\/\/fleteenguadalajara.com\/flete-en-jalisco\/#website\",\"url\":\"https:\/\/fleteenguadalajara.com\/flete-en-jalisco\/\",\"name\":\"Flete en Jalisco\",\"description\":\"\",\"publisher\":{\"@id\":\"https:\/\/fleteenguadalajara.com\/flete-en-jalisco\/#organization\"},\"potentialAction\":[{\"@type\":\"SearchAction\",\"target\":{\"@type\":\"EntryPoint\",\"urlTemplate\":\"https:\/\/fleteenguadalajara.com\/flete-en-jalisco\/?s={search_term_string}\"},\"query-input\":\"required name=search_term_string\"}],\"inLanguage\":\"es\"},{\"@type\":\"Organization\",\"@id\":\"https:\/\/fleteenguadalajara.com\/flete-en-jalisco\/#organization\",\"name\":\"Flete en Jalisco\",\"url\":\"https:\/\/fleteenguadalajara.com\/flete-en-jalisco\/\",\"logo\":{\"@type\":\"ImageObject\",\"inLanguage\":\"es\",\"@id\":\"https:\/\/fleteenguadalajara.com\/flete-en-jalisco\/#\/schema\/logo\/image\/\",\"url\":\"https:\/\/fleteenguadalajara.com\/flete-en-jalisco\/wp-content\/uploads\/sites\/3\/2023\/02\/logo-v7-3.png\",\"contentUrl\":\"https:\/\/fleteenguadalajara.com\/flete-en-jalisco\/wp-content\/uploads\/sites\/3\/2023\/02\/logo-v7-3.png\",\"width\":130,\"height\":109,\"caption\":\"Flete en Jalisco\"},\"image\":{\"@id\":\"https:\/\/fleteenguadalajara.com\/flete-en-jalisco\/#\/schema\/logo\/image\/\"}}]}<\/script>\n<!-- \/ Yoast SEO plugin. -->","yoast_head_json":{"title":"Fletes en camioneta y cami\u00f3n rab\u00f3n y torton de carga ligera e intermedia, semi pesada. - Flete en Jalisco","robots":{"index":"index","follow":"follow","max-snippet":"max-snippet:-1","max-image-preview":"max-image-preview:large","max-video-preview":"max-video-preview:-1"},"canonical":"https:\/\/fleteenguadalajara.com\/flete-en-jalisco\/fletes-en-camioneta-y-camion-rabon-y-torton-de-carga-ligera-e-intermedia-semi-pesada\/","og_locale":"es_MX","og_type":"article","og_title":"Fletes en camioneta y cami\u00f3n rab\u00f3n y torton de carga ligera e intermedia, semi pesada. - Flete en Jalisco","og_description":"Expertos llevando hasta su destino en la Rep\u00fablica Mexicana, tenemos unidades que pueden transportar cargas de 1 tonelada hasta 18 toneladas En resumen, los fletes en camioneta y cami\u00f3n tipo rab\u00f3n y Torton de carga ligera e intermedia, semi pesada son una opci\u00f3n eficiente y econ\u00f3mica para peque\u00f1as y medianas empresas que necesitan transportar cargas [&hellip;]","og_url":"https:\/\/fleteenguadalajara.com\/flete-en-jalisco\/fletes-en-camioneta-y-camion-rabon-y-torton-de-carga-ligera-e-intermedia-semi-pesada\/","og_site_name":"Flete en Jalisco","article_modified_time":"2023-03-12T18:57:11+00:00","og_image":[{"url":"https:\/\/fleteenguadalajara.com\/flete-en-jalisco\/wp-content\/uploads\/sites\/3\/2023\/02\/c2-copy.jpg"}],"twitter_card":"summary_large_image","twitter_misc":{"Tiempo de lectura":"1 minuto"},"schema":{"@context":"https:\/\/schema.org","@graph":[{"@type":"WebPage","@id":"https:\/\/fleteenguadalajara.com\/flete-en-jalisco\/fletes-en-camioneta-y-camion-rabon-y-torton-de-carga-ligera-e-intermedia-semi-pesada\/","url":"https:\/\/fleteenguadalajara.com\/flete-en-jalisco\/fletes-en-camioneta-y-camion-rabon-y-torton-de-carga-ligera-e-intermedia-semi-pesada\/","name":"Fletes en camioneta y cami\u00f3n rab\u00f3n y torton de carga ligera e intermedia, semi pesada. - Flete en Jalisco","isPartOf":{"@id":"https:\/\/fleteenguadalajara.com\/flete-en-jalisco\/#website"},"primaryImageOfPage":{"@id":"https:\/\/fleteenguadalajara.com\/flete-en-jalisco\/fletes-en-camioneta-y-camion-rabon-y-torton-de-carga-ligera-e-intermedia-semi-pesada\/#primaryimage"},"image":{"@id":"https:\/\/fleteenguadalajara.com\/flete-en-jalisco\/fletes-en-camioneta-y-camion-rabon-y-torton-de-carga-ligera-e-intermedia-semi-pesada\/#primaryimage"},"thumbnailUrl":"https:\/\/fleteenguadalajara.com\/flete-en-jalisco\/wp-content\/uploads\/sites\/3\/2023\/02\/c2-copy.jpg","datePublished":"2023-03-12T18:53:56+00:00","dateModified":"2023-03-12T18:57:11+00:00","breadcrumb":{"@id":"https:\/\/fleteenguadalajara.com\/flete-en-jalisco\/fletes-en-camioneta-y-camion-rabon-y-torton-de-carga-ligera-e-intermedia-semi-pesada\/#breadcrumb"},"inLanguage":"es","potentialAction":[{"@type":"ReadAction","target":["https:\/\/fleteenguadalajara.com\/flete-en-jalisco\/fletes-en-camioneta-y-camion-rabon-y-torton-de-carga-ligera-e-intermedia-semi-pesada\/"]}]},{"@type":"ImageObject","inLanguage":"es","@id":"https:\/\/fleteenguadalajara.com\/flete-en-jalisco\/fletes-en-camioneta-y-camion-rabon-y-torton-de-carga-ligera-e-intermedia-semi-pesada\/#primaryimage","url":"https:\/\/fleteenguadalajara.com\/flete-en-jalisco\/wp-content\/uploads\/sites\/3\/2023\/02\/c2-copy.jpg","contentUrl":"https:\/\/fleteenguadalajara.com\/flete-en-jalisco\/wp-content\/uploads\/sites\/3\/2023\/02\/c2-copy.jpg","width":1200,"height":1200},{"@type":"BreadcrumbList","@id":"https:\/\/fleteenguadalajara.com\/flete-en-jalisco\/fletes-en-camioneta-y-camion-rabon-y-torton-de-carga-ligera-e-intermedia-semi-pesada\/#breadcrumb","itemListElement":[{"@type":"ListItem","position":1,"name":"Inicio","item":"https:\/\/fleteenguadalajara.com\/flete-en-jalisco\/"},{"@type":"ListItem","position":2,"name":"Fletes en camioneta y cami\u00f3n rab\u00f3n y torton de carga ligera e intermedia, semi pesada."}]},{"@type":"WebSite","@id":"https:\/\/fleteenguadalajara.com\/flete-en-jalisco\/#website","url":"https:\/\/fleteenguadalajara.com\/flete-en-jalisco\/","name":"Flete en Jalisco","description":"","publisher":{"@id":"https:\/\/fleteenguadalajara.com\/flete-en-jalisco\/#organization"},"potentialAction":[{"@type":"SearchAction","target":{"@type":"EntryPoint","urlTemplate":"https:\/\/fleteenguadalajara.com\/flete-en-jalisco\/?s={search_term_string}"},"query-input":"required name=search_term_string"}],"inLanguage":"es"},{"@type":"Organization","@id":"https:\/\/fleteenguadalajara.com\/flete-en-jalisco\/#organization","name":"Flete en Jalisco","url":"https:\/\/fleteenguadalajara.com\/flete-en-jalisco\/","logo":{"@type":"ImageObject","inLanguage":"es","@id":"https:\/\/fleteenguadalajara.com\/flete-en-jalisco\/#\/schema\/logo\/image\/","url":"https:\/\/fleteenguadalajara.com\/flete-en-jalisco\/wp-content\/uploads\/sites\/3\/2023\/02\/logo-v7-3.png","contentUrl":"https:\/\/fleteenguadalajara.com\/flete-en-jalisco\/wp-content\/uploads\/sites\/3\/2023\/02\/logo-v7-3.png","width":130,"height":109,"caption":"Flete en Jalisco"},"image":{"@id":"https:\/\/fleteenguadalajara.com\/flete-en-jalisco\/#\/schema\/logo\/image\/"}}]}},"_links":{"self":[{"href":"https:\/\/fleteenguadalajara.com\/flete-en-jalisco\/wp-json\/wp\/v2\/pages\/420"}],"collection":[{"href":"https:\/\/fleteenguadalajara.com\/flete-en-jalisco\/wp-json\/wp\/v2\/pages"}],"about":[{"href":"https:\/\/fleteenguadalajara.com\/flete-en-jalisco\/wp-json\/wp\/v2\/types\/page"}],"author":[{"embeddable":true,"href":"https:\/\/fleteenguadalajara.com\/flete-en-jalisco\/wp-json\/wp\/v2\/users\/1"}],"replies":[{"embeddable":true,"href":"https:\/\/fleteenguadalajara.com\/flete-en-jalisco\/wp-json\/wp\/v2\/comments?post=420"}],"version-history":[{"count":0,"href":"https:\/\/fleteenguadalajara.com\/flete-en-jalisco\/wp-json\/wp\/v2\/pages\/420\/revisions"}],"wp:attachment":[{"href":"https:\/\/fleteenguadalajara.com\/flete-en-jalisco\/wp-json\/wp\/v2\/media?parent=420"}],"curies":[{"name":"wp","href":"https:\/\/api.w.org\/{rel}","templated":true}]}}