
{"id":153,"date":"2023-03-01T18:07:57","date_gmt":"2023-03-01T18:07:57","guid":{"rendered":"https:\/\/fleteenguadalajara.com\/zona-industrial\/?page_id=153"},"modified":"2023-03-01T22:28:55","modified_gmt":"2023-03-01T22:28:55","slug":"regional","status":"publish","type":"page","link":"https:\/\/fleteenguadalajara.com\/zona-industrial\/regional\/","title":{"rendered":"Cobertura Regional"},"content":{"rendered":"<div class=\"container-fluid\">\n<div class=\"row\">\n<div class=\"col-md-4\">\n<ul>\n<li>Guadalajara<\/li>\n<li>GDL<\/li>\n<li>Zapopan<\/li>\n<li>Tlaquepaque<\/li>\n<li>Tonal\u00e1<\/li>\n<li>Tlajomulco<\/li>\n<li>Tesistan<\/li>\n<li>Santa Anita<\/li>\n<li>San Agust\u00edn<\/li>\n<li>San Isidro<\/li>\n<li>San Sebast\u00edan<\/li>\n<\/ul><\/div>\n<div class=\"col-md-4\">\n<ul>\n<li>El Verde<\/li>\n<li>Puente Grande<\/li>\n<li>Cajititl\u00e1n<\/li>\n<li>Sayula<\/li>\n<li>Tepatitl\u00e1n<\/li>\n<li>Chapala<\/li>\n<li>Ajijic<\/li>\n<li>Jocotepec<\/li>\n<li>Ocotl\u00e1n<\/li>\n<li>La Barca<\/li>\n<li>Zapotlanejo<\/li>\n<\/ul><\/div>\n<div class=\"col-md-4\">\n<ul>\n<li>El Salto<\/li>\n<li>Tequila<\/li>\n<li>Magdalena<\/li>\n<li>El Arenal<\/li>\n<li>Tapalapa<\/li>\n<li>Ciudad Guzm\u00e1n<\/li>\n<li>Ameca<\/li>\n<li>Tala<\/li>\n<li>San Juan de los Lagos<\/li>\n<\/ul><\/div>\n<\/p><\/div>\n<\/div>\n","protected":false},"excerpt":{"rendered":"<p>Guadalajara GDL Zapopan Tlaquepaque Tonal\u00e1 Tlajomulco Tesistan Santa Anita San Agust\u00edn San Isidro San Sebast\u00edan El Verde Puente Grande Cajititl\u00e1n Sayula Tepatitl\u00e1n Chapala Ajijic Jocotepec Ocotl\u00e1n La Barca Zapotlanejo El Salto Tequila Magdalena El Arenal Tapalapa Ciudad Guzm\u00e1n Ameca Tala San Juan de los Lagos<\/p>\n","protected":false},"author":1,"featured_media":0,"parent":0,"menu_order":7,"comment_status":"closed","ping_status":"closed","template":"","meta":{"_acf_changed":false,"footnotes":""},"class_list":["post-153","page","type-page","status-publish","hentry"],"acf":[],"yoast_head":"<!-- This site is optimized with the Yoast SEO plugin v23.1 - https:\/\/yoast.com\/wordpress\/plugins\/seo\/ -->\n<title>Cobertura Regional - Flete en Guadalajara Zona Industrial<\/title>\n<meta name=\"robots\" content=\"index, follow, max-snippet:-1, max-image-preview:large, max-video-preview:-1\" \/>\n<link rel=\"canonical\" href=\"https:\/\/fleteenguadalajara.com\/zona-industrial\/regional\/\" \/>\n<meta property=\"og:locale\" content=\"es_MX\" \/>\n<meta property=\"og:type\" content=\"article\" \/>\n<meta property=\"og:title\" content=\"Cobertura Regional - Flete en Guadalajara Zona Industrial\" \/>\n<meta property=\"og:description\" content=\"Guadalajara GDL Zapopan Tlaquepaque Tonal\u00e1 Tlajomulco Tesistan Santa Anita San Agust\u00edn San Isidro San Sebast\u00edan El Verde Puente Grande Cajititl\u00e1n Sayula Tepatitl\u00e1n Chapala Ajijic Jocotepec Ocotl\u00e1n La Barca Zapotlanejo El Salto Tequila Magdalena El Arenal Tapalapa Ciudad Guzm\u00e1n Ameca Tala San Juan de los Lagos\" \/>\n<meta property=\"og:url\" content=\"https:\/\/fleteenguadalajara.com\/zona-industrial\/regional\/\" \/>\n<meta property=\"og:site_name\" content=\"Flete en Guadalajara Zona Industrial\" \/>\n<meta property=\"article:modified_time\" content=\"2023-03-01T22:28:55+00:00\" \/>\n<meta name=\"twitter:card\" content=\"summary_large_image\" \/>\n<meta name=\"twitter:label1\" content=\"Tiempo de lectura\" \/>\n\t<meta name=\"twitter:data1\" content=\"1 minuto\" \/>\n<script type=\"application\/ld+json\" class=\"yoast-schema-graph\">{\"@context\":\"https:\/\/schema.org\",\"@graph\":[{\"@type\":\"WebPage\",\"@id\":\"https:\/\/fleteenguadalajara.com\/zona-industrial\/regional\/\",\"url\":\"https:\/\/fleteenguadalajara.com\/zona-industrial\/regional\/\",\"name\":\"Cobertura Regional - Flete en Guadalajara Zona Industrial\",\"isPartOf\":{\"@id\":\"https:\/\/fleteenguadalajara.com\/zona-industrial\/#website\"},\"datePublished\":\"2023-03-01T18:07:57+00:00\",\"dateModified\":\"2023-03-01T22:28:55+00:00\",\"breadcrumb\":{\"@id\":\"https:\/\/fleteenguadalajara.com\/zona-industrial\/regional\/#breadcrumb\"},\"inLanguage\":\"es\",\"potentialAction\":[{\"@type\":\"ReadAction\",\"target\":[\"https:\/\/fleteenguadalajara.com\/zona-industrial\/regional\/\"]}]},{\"@type\":\"BreadcrumbList\",\"@id\":\"https:\/\/fleteenguadalajara.com\/zona-industrial\/regional\/#breadcrumb\",\"itemListElement\":[{\"@type\":\"ListItem\",\"position\":1,\"name\":\"Inicio\",\"item\":\"https:\/\/fleteenguadalajara.com\/zona-industrial\/\"},{\"@type\":\"ListItem\",\"position\":2,\"name\":\"Cobertura Regional\"}]},{\"@type\":\"WebSite\",\"@id\":\"https:\/\/fleteenguadalajara.com\/zona-industrial\/#website\",\"url\":\"https:\/\/fleteenguadalajara.com\/zona-industrial\/\",\"name\":\"Flete en Guadalajara Zona Industrial\",\"description\":\"\",\"publisher\":{\"@id\":\"https:\/\/fleteenguadalajara.com\/zona-industrial\/#organization\"},\"potentialAction\":[{\"@type\":\"SearchAction\",\"target\":{\"@type\":\"EntryPoint\",\"urlTemplate\":\"https:\/\/fleteenguadalajara.com\/zona-industrial\/?s={search_term_string}\"},\"query-input\":\"required name=search_term_string\"}],\"inLanguage\":\"es\"},{\"@type\":\"Organization\",\"@id\":\"https:\/\/fleteenguadalajara.com\/zona-industrial\/#organization\",\"name\":\"Flete en Guadalajara Zona Industrial\",\"url\":\"https:\/\/fleteenguadalajara.com\/zona-industrial\/\",\"logo\":{\"@type\":\"ImageObject\",\"inLanguage\":\"es\",\"@id\":\"https:\/\/fleteenguadalajara.com\/zona-industrial\/#\/schema\/logo\/image\/\",\"url\":\"https:\/\/fleteenguadalajara.com\/zona-industrial\/wp-content\/uploads\/sites\/2\/2023\/02\/logo-v7-3.png\",\"contentUrl\":\"https:\/\/fleteenguadalajara.com\/zona-industrial\/wp-content\/uploads\/sites\/2\/2023\/02\/logo-v7-3.png\",\"width\":130,\"height\":109,\"caption\":\"Flete en Guadalajara Zona Industrial\"},\"image\":{\"@id\":\"https:\/\/fleteenguadalajara.com\/zona-industrial\/#\/schema\/logo\/image\/\"}}]}<\/script>\n<!-- \/ Yoast SEO plugin. -->","yoast_head_json":{"title":"Cobertura Regional - Flete en Guadalajara Zona Industrial","robots":{"index":"index","follow":"follow","max-snippet":"max-snippet:-1","max-image-preview":"max-image-preview:large","max-video-preview":"max-video-preview:-1"},"canonical":"https:\/\/fleteenguadalajara.com\/zona-industrial\/regional\/","og_locale":"es_MX","og_type":"article","og_title":"Cobertura Regional - Flete en Guadalajara Zona Industrial","og_description":"Guadalajara GDL Zapopan Tlaquepaque Tonal\u00e1 Tlajomulco Tesistan Santa Anita San Agust\u00edn San Isidro San Sebast\u00edan El Verde Puente Grande Cajititl\u00e1n Sayula Tepatitl\u00e1n Chapala Ajijic Jocotepec Ocotl\u00e1n La Barca Zapotlanejo El Salto Tequila Magdalena El Arenal Tapalapa Ciudad Guzm\u00e1n Ameca Tala San Juan de los Lagos","og_url":"https:\/\/fleteenguadalajara.com\/zona-industrial\/regional\/","og_site_name":"Flete en Guadalajara Zona Industrial","article_modified_time":"2023-03-01T22:28:55+00:00","twitter_card":"summary_large_image","twitter_misc":{"Tiempo de lectura":"1 minuto"},"schema":{"@context":"https:\/\/schema.org","@graph":[{"@type":"WebPage","@id":"https:\/\/fleteenguadalajara.com\/zona-industrial\/regional\/","url":"https:\/\/fleteenguadalajara.com\/zona-industrial\/regional\/","name":"Cobertura Regional - Flete en Guadalajara Zona Industrial","isPartOf":{"@id":"https:\/\/fleteenguadalajara.com\/zona-industrial\/#website"},"datePublished":"2023-03-01T18:07:57+00:00","dateModified":"2023-03-01T22:28:55+00:00","breadcrumb":{"@id":"https:\/\/fleteenguadalajara.com\/zona-industrial\/regional\/#breadcrumb"},"inLanguage":"es","potentialAction":[{"@type":"ReadAction","target":["https:\/\/fleteenguadalajara.com\/zona-industrial\/regional\/"]}]},{"@type":"BreadcrumbList","@id":"https:\/\/fleteenguadalajara.com\/zona-industrial\/regional\/#breadcrumb","itemListElement":[{"@type":"ListItem","position":1,"name":"Inicio","item":"https:\/\/fleteenguadalajara.com\/zona-industrial\/"},{"@type":"ListItem","position":2,"name":"Cobertura Regional"}]},{"@type":"WebSite","@id":"https:\/\/fleteenguadalajara.com\/zona-industrial\/#website","url":"https:\/\/fleteenguadalajara.com\/zona-industrial\/","name":"Flete en Guadalajara Zona Industrial","description":"","publisher":{"@id":"https:\/\/fleteenguadalajara.com\/zona-industrial\/#organization"},"potentialAction":[{"@type":"SearchAction","target":{"@type":"EntryPoint","urlTemplate":"https:\/\/fleteenguadalajara.com\/zona-industrial\/?s={search_term_string}"},"query-input":"required name=search_term_string"}],"inLanguage":"es"},{"@type":"Organization","@id":"https:\/\/fleteenguadalajara.com\/zona-industrial\/#organization","name":"Flete en Guadalajara Zona Industrial","url":"https:\/\/fleteenguadalajara.com\/zona-industrial\/","logo":{"@type":"ImageObject","inLanguage":"es","@id":"https:\/\/fleteenguadalajara.com\/zona-industrial\/#\/schema\/logo\/image\/","url":"https:\/\/fleteenguadalajara.com\/zona-industrial\/wp-content\/uploads\/sites\/2\/2023\/02\/logo-v7-3.png","contentUrl":"https:\/\/fleteenguadalajara.com\/zona-industrial\/wp-content\/uploads\/sites\/2\/2023\/02\/logo-v7-3.png","width":130,"height":109,"caption":"Flete en Guadalajara Zona Industrial"},"image":{"@id":"https:\/\/fleteenguadalajara.com\/zona-industrial\/#\/schema\/logo\/image\/"}}]}},"_links":{"self":[{"href":"https:\/\/fleteenguadalajara.com\/zona-industrial\/wp-json\/wp\/v2\/pages\/153"}],"collection":[{"href":"https:\/\/fleteenguadalajara.com\/zona-industrial\/wp-json\/wp\/v2\/pages"}],"about":[{"href":"https:\/\/fleteenguadalajara.com\/zona-industrial\/wp-json\/wp\/v2\/types\/page"}],"author":[{"embeddable":true,"href":"https:\/\/fleteenguadalajara.com\/zona-industrial\/wp-json\/wp\/v2\/users\/1"}],"replies":[{"embeddable":true,"href":"https:\/\/fleteenguadalajara.com\/zona-industrial\/wp-json\/wp\/v2\/comments?post=153"}],"version-history":[{"count":0,"href":"https:\/\/fleteenguadalajara.com\/zona-industrial\/wp-json\/wp\/v2\/pages\/153\/revisions"}],"wp:attachment":[{"href":"https:\/\/fleteenguadalajara.com\/zona-industrial\/wp-json\/wp\/v2\/media?parent=153"}],"curies":[{"name":"wp","href":"https:\/\/api.w.org\/{rel}","templated":true}]}}