
{"id":178,"date":"2023-03-01T18:37:58","date_gmt":"2023-03-01T18:37:58","guid":{"rendered":"https:\/\/fleteenguadalajara.com\/zona-industrial\/?page_id=178"},"modified":"2023-03-01T22:32:16","modified_gmt":"2023-03-01T22:32:16","slug":"nacional","status":"publish","type":"page","link":"https:\/\/fleteenguadalajara.com\/zona-industrial\/nacional\/","title":{"rendered":"Cobertura Nacional"},"content":{"rendered":"<div class=\"container-fluid\">\n<div class=\"row\">\n<div class=\"col-md-4\">\n<ul>\n<li>Aguascalientes<\/li>\n<li>Chihuahua<\/li>\n<li>Coahuila<\/li>\n<li>Colima<\/li>\n<li>Distrito Federal<\/li>\n<li>Durango<\/li>\n<li>Guanajuato<\/li>\n<li>Guerrero<\/li>\n<li>Hidalgo<\/li>\n<\/ul><\/div>\n<div class=\"col-md-4\">\n<ul>\n<li>Jalisco<\/li>\n<li>Michoac\u00e1n<\/li>\n<li>Morelos<\/li>\n<li>Nayarit<\/li>\n<li>Nuevo Le\u00f3n<\/li>\n<li>Puebla<\/li>\n<li>Quer\u00e9taro<\/li>\n<li>Quintana Roo<\/li>\n<\/ul><\/div>\n<div class=\"col-md-4\">\n<ul>\n<li>San Luis Potos\u00ed<\/li>\n<li>Sinaloa<\/li>\n<li>Sonora<\/li>\n<li>Tamaulipas<\/li>\n<li>Tlaxcala<\/li>\n<li>Veracruz<\/li>\n<li>Yucat\u00e1n<\/li>\n<li>Zacatecas<\/li>\n<\/ul><\/div>\n<\/p><\/div>\n<\/div>\n","protected":false},"excerpt":{"rendered":"<p>Aguascalientes Chihuahua Coahuila Colima Distrito Federal Durango Guanajuato Guerrero Hidalgo Jalisco Michoac\u00e1n Morelos Nayarit Nuevo Le\u00f3n Puebla Quer\u00e9taro Quintana Roo San Luis Potos\u00ed Sinaloa Sonora Tamaulipas Tlaxcala Veracruz Yucat\u00e1n Zacatecas<\/p>\n","protected":false},"author":1,"featured_media":0,"parent":0,"menu_order":6,"comment_status":"closed","ping_status":"closed","template":"templates\/template-page-full-width.php","meta":{"_acf_changed":false,"footnotes":""},"class_list":["post-178","page","type-page","status-publish","hentry"],"acf":[],"yoast_head":"<!-- This site is optimized with the Yoast SEO plugin v23.1 - https:\/\/yoast.com\/wordpress\/plugins\/seo\/ -->\n<title>Cobertura Nacional - Flete en Guadalajara Zona Industrial<\/title>\n<meta name=\"robots\" content=\"index, follow, max-snippet:-1, max-image-preview:large, max-video-preview:-1\" \/>\n<link rel=\"canonical\" href=\"https:\/\/fleteenguadalajara.com\/zona-industrial\/nacional\/\" \/>\n<meta property=\"og:locale\" content=\"es_MX\" \/>\n<meta property=\"og:type\" content=\"article\" \/>\n<meta property=\"og:title\" content=\"Cobertura Nacional - Flete en Guadalajara Zona Industrial\" \/>\n<meta property=\"og:description\" content=\"Aguascalientes Chihuahua Coahuila Colima Distrito Federal Durango Guanajuato Guerrero Hidalgo Jalisco Michoac\u00e1n Morelos Nayarit Nuevo Le\u00f3n Puebla Quer\u00e9taro Quintana Roo San Luis Potos\u00ed Sinaloa Sonora Tamaulipas Tlaxcala Veracruz Yucat\u00e1n Zacatecas\" \/>\n<meta property=\"og:url\" content=\"https:\/\/fleteenguadalajara.com\/zona-industrial\/nacional\/\" \/>\n<meta property=\"og:site_name\" content=\"Flete en Guadalajara Zona Industrial\" \/>\n<meta property=\"article:modified_time\" content=\"2023-03-01T22:32:16+00:00\" \/>\n<meta name=\"twitter:card\" content=\"summary_large_image\" \/>\n<meta name=\"twitter:label1\" content=\"Tiempo de lectura\" \/>\n\t<meta name=\"twitter:data1\" content=\"1 minuto\" \/>\n<script type=\"application\/ld+json\" class=\"yoast-schema-graph\">{\"@context\":\"https:\/\/schema.org\",\"@graph\":[{\"@type\":\"WebPage\",\"@id\":\"https:\/\/fleteenguadalajara.com\/zona-industrial\/nacional\/\",\"url\":\"https:\/\/fleteenguadalajara.com\/zona-industrial\/nacional\/\",\"name\":\"Cobertura Nacional - Flete en Guadalajara Zona Industrial\",\"isPartOf\":{\"@id\":\"https:\/\/fleteenguadalajara.com\/zona-industrial\/#website\"},\"datePublished\":\"2023-03-01T18:37:58+00:00\",\"dateModified\":\"2023-03-01T22:32:16+00:00\",\"breadcrumb\":{\"@id\":\"https:\/\/fleteenguadalajara.com\/zona-industrial\/nacional\/#breadcrumb\"},\"inLanguage\":\"es\",\"potentialAction\":[{\"@type\":\"ReadAction\",\"target\":[\"https:\/\/fleteenguadalajara.com\/zona-industrial\/nacional\/\"]}]},{\"@type\":\"BreadcrumbList\",\"@id\":\"https:\/\/fleteenguadalajara.com\/zona-industrial\/nacional\/#breadcrumb\",\"itemListElement\":[{\"@type\":\"ListItem\",\"position\":1,\"name\":\"Inicio\",\"item\":\"https:\/\/fleteenguadalajara.com\/zona-industrial\/\"},{\"@type\":\"ListItem\",\"position\":2,\"name\":\"Cobertura Nacional\"}]},{\"@type\":\"WebSite\",\"@id\":\"https:\/\/fleteenguadalajara.com\/zona-industrial\/#website\",\"url\":\"https:\/\/fleteenguadalajara.com\/zona-industrial\/\",\"name\":\"Flete en Guadalajara Zona Industrial\",\"description\":\"\",\"publisher\":{\"@id\":\"https:\/\/fleteenguadalajara.com\/zona-industrial\/#organization\"},\"potentialAction\":[{\"@type\":\"SearchAction\",\"target\":{\"@type\":\"EntryPoint\",\"urlTemplate\":\"https:\/\/fleteenguadalajara.com\/zona-industrial\/?s={search_term_string}\"},\"query-input\":\"required name=search_term_string\"}],\"inLanguage\":\"es\"},{\"@type\":\"Organization\",\"@id\":\"https:\/\/fleteenguadalajara.com\/zona-industrial\/#organization\",\"name\":\"Flete en Guadalajara Zona Industrial\",\"url\":\"https:\/\/fleteenguadalajara.com\/zona-industrial\/\",\"logo\":{\"@type\":\"ImageObject\",\"inLanguage\":\"es\",\"@id\":\"https:\/\/fleteenguadalajara.com\/zona-industrial\/#\/schema\/logo\/image\/\",\"url\":\"https:\/\/fleteenguadalajara.com\/zona-industrial\/wp-content\/uploads\/sites\/2\/2023\/02\/logo-v7-3.png\",\"contentUrl\":\"https:\/\/fleteenguadalajara.com\/zona-industrial\/wp-content\/uploads\/sites\/2\/2023\/02\/logo-v7-3.png\",\"width\":130,\"height\":109,\"caption\":\"Flete en Guadalajara Zona Industrial\"},\"image\":{\"@id\":\"https:\/\/fleteenguadalajara.com\/zona-industrial\/#\/schema\/logo\/image\/\"}}]}<\/script>\n<!-- \/ Yoast SEO plugin. -->","yoast_head_json":{"title":"Cobertura Nacional - Flete en Guadalajara Zona Industrial","robots":{"index":"index","follow":"follow","max-snippet":"max-snippet:-1","max-image-preview":"max-image-preview:large","max-video-preview":"max-video-preview:-1"},"canonical":"https:\/\/fleteenguadalajara.com\/zona-industrial\/nacional\/","og_locale":"es_MX","og_type":"article","og_title":"Cobertura Nacional - Flete en Guadalajara Zona Industrial","og_description":"Aguascalientes Chihuahua Coahuila Colima Distrito Federal Durango Guanajuato Guerrero Hidalgo Jalisco Michoac\u00e1n Morelos Nayarit Nuevo Le\u00f3n Puebla Quer\u00e9taro Quintana Roo San Luis Potos\u00ed Sinaloa Sonora Tamaulipas Tlaxcala Veracruz Yucat\u00e1n Zacatecas","og_url":"https:\/\/fleteenguadalajara.com\/zona-industrial\/nacional\/","og_site_name":"Flete en Guadalajara Zona Industrial","article_modified_time":"2023-03-01T22:32:16+00:00","twitter_card":"summary_large_image","twitter_misc":{"Tiempo de lectura":"1 minuto"},"schema":{"@context":"https:\/\/schema.org","@graph":[{"@type":"WebPage","@id":"https:\/\/fleteenguadalajara.com\/zona-industrial\/nacional\/","url":"https:\/\/fleteenguadalajara.com\/zona-industrial\/nacional\/","name":"Cobertura Nacional - Flete en Guadalajara Zona Industrial","isPartOf":{"@id":"https:\/\/fleteenguadalajara.com\/zona-industrial\/#website"},"datePublished":"2023-03-01T18:37:58+00:00","dateModified":"2023-03-01T22:32:16+00:00","breadcrumb":{"@id":"https:\/\/fleteenguadalajara.com\/zona-industrial\/nacional\/#breadcrumb"},"inLanguage":"es","potentialAction":[{"@type":"ReadAction","target":["https:\/\/fleteenguadalajara.com\/zona-industrial\/nacional\/"]}]},{"@type":"BreadcrumbList","@id":"https:\/\/fleteenguadalajara.com\/zona-industrial\/nacional\/#breadcrumb","itemListElement":[{"@type":"ListItem","position":1,"name":"Inicio","item":"https:\/\/fleteenguadalajara.com\/zona-industrial\/"},{"@type":"ListItem","position":2,"name":"Cobertura Nacional"}]},{"@type":"WebSite","@id":"https:\/\/fleteenguadalajara.com\/zona-industrial\/#website","url":"https:\/\/fleteenguadalajara.com\/zona-industrial\/","name":"Flete en Guadalajara Zona Industrial","description":"","publisher":{"@id":"https:\/\/fleteenguadalajara.com\/zona-industrial\/#organization"},"potentialAction":[{"@type":"SearchAction","target":{"@type":"EntryPoint","urlTemplate":"https:\/\/fleteenguadalajara.com\/zona-industrial\/?s={search_term_string}"},"query-input":"required name=search_term_string"}],"inLanguage":"es"},{"@type":"Organization","@id":"https:\/\/fleteenguadalajara.com\/zona-industrial\/#organization","name":"Flete en Guadalajara Zona Industrial","url":"https:\/\/fleteenguadalajara.com\/zona-industrial\/","logo":{"@type":"ImageObject","inLanguage":"es","@id":"https:\/\/fleteenguadalajara.com\/zona-industrial\/#\/schema\/logo\/image\/","url":"https:\/\/fleteenguadalajara.com\/zona-industrial\/wp-content\/uploads\/sites\/2\/2023\/02\/logo-v7-3.png","contentUrl":"https:\/\/fleteenguadalajara.com\/zona-industrial\/wp-content\/uploads\/sites\/2\/2023\/02\/logo-v7-3.png","width":130,"height":109,"caption":"Flete en Guadalajara Zona Industrial"},"image":{"@id":"https:\/\/fleteenguadalajara.com\/zona-industrial\/#\/schema\/logo\/image\/"}}]}},"_links":{"self":[{"href":"https:\/\/fleteenguadalajara.com\/zona-industrial\/wp-json\/wp\/v2\/pages\/178"}],"collection":[{"href":"https:\/\/fleteenguadalajara.com\/zona-industrial\/wp-json\/wp\/v2\/pages"}],"about":[{"href":"https:\/\/fleteenguadalajara.com\/zona-industrial\/wp-json\/wp\/v2\/types\/page"}],"author":[{"embeddable":true,"href":"https:\/\/fleteenguadalajara.com\/zona-industrial\/wp-json\/wp\/v2\/users\/1"}],"replies":[{"embeddable":true,"href":"https:\/\/fleteenguadalajara.com\/zona-industrial\/wp-json\/wp\/v2\/comments?post=178"}],"version-history":[{"count":0,"href":"https:\/\/fleteenguadalajara.com\/zona-industrial\/wp-json\/wp\/v2\/pages\/178\/revisions"}],"wp:attachment":[{"href":"https:\/\/fleteenguadalajara.com\/zona-industrial\/wp-json\/wp\/v2\/media?parent=178"}],"curies":[{"name":"wp","href":"https:\/\/api.w.org\/{rel}","templated":true}]}}