
{"id":424,"date":"2023-03-12T21:24:54","date_gmt":"2023-03-12T21:24:54","guid":{"rendered":"https:\/\/fleteenguadalajara.com\/zona-industrial\/?page_id=424"},"modified":"2023-03-12T21:24:54","modified_gmt":"2023-03-12T21:24:54","slug":"fletes-en-camion-y-camioneta-de-caja-seca-y-cerrada","status":"publish","type":"page","link":"https:\/\/fleteenguadalajara.com\/zona-industrial\/fletes-en-camion-y-camioneta-de-caja-seca-y-cerrada\/","title":{"rendered":"Fletes en cami\u00f3n y camioneta de caja seca y cerrada"},"content":{"rendered":"<div class=\"row\">\n<div class=\"col-md-6\">\nSon para transportar cargas secas materia prima no perecederas, hasta materiales de construcci\u00f3n, Estos camiones tienen una estructura cerrada que protege la carga de la exposici\u00f3n al clima y al polvo, adem\u00e1s, estos camiones son muy seguros ya que la carga se encuentra sujetada y amarrada dentro de la estructura de la caja cerrada del cami\u00f3n con rieles log\u00edsticos.\n<\/div>\n<div class=\"col-md-6\">\n<img decoding=\"async\" src=\"https:\/\/fleteenguadalajara.com\/zona-industrial\/wp-content\/uploads\/sites\/2\/2023\/03\/camion-de-5-toneladas-caja-seca-fleteenguadalajara-copy.jpg\" alt=\"\" class=\"img-fluid\" \/>\n<\/div>\n<\/div>\n","protected":false},"excerpt":{"rendered":"<p>Son para transportar cargas secas materia prima no perecederas, hasta materiales de construcci\u00f3n, Estos camiones tienen una estructura cerrada que protege la carga de la exposici\u00f3n al clima y al polvo, adem\u00e1s, estos camiones son muy seguros ya que la carga se encuentra sujetada y amarrada dentro de la estructura de la caja cerrada del [&hellip;]<\/p>\n","protected":false},"author":1,"featured_media":0,"parent":0,"menu_order":1,"comment_status":"closed","ping_status":"closed","template":"","meta":{"_acf_changed":false,"footnotes":""},"class_list":["post-424","page","type-page","status-publish","hentry"],"acf":[],"yoast_head":"<!-- This site is optimized with the Yoast SEO plugin v23.1 - https:\/\/yoast.com\/wordpress\/plugins\/seo\/ -->\n<title>Fletes en cami\u00f3n y camioneta de caja seca y cerrada - Flete en Guadalajara Zona Industrial<\/title>\n<meta name=\"robots\" content=\"index, follow, max-snippet:-1, max-image-preview:large, max-video-preview:-1\" \/>\n<link rel=\"canonical\" href=\"https:\/\/fleteenguadalajara.com\/zona-industrial\/fletes-en-camion-y-camioneta-de-caja-seca-y-cerrada\/\" \/>\n<meta property=\"og:locale\" content=\"es_MX\" \/>\n<meta property=\"og:type\" content=\"article\" \/>\n<meta property=\"og:title\" content=\"Fletes en cami\u00f3n y camioneta de caja seca y cerrada - Flete en Guadalajara Zona Industrial\" \/>\n<meta property=\"og:description\" content=\"Son para transportar cargas secas materia prima no perecederas, hasta materiales de construcci\u00f3n, Estos camiones tienen una estructura cerrada que protege la carga de la exposici\u00f3n al clima y al polvo, adem\u00e1s, estos camiones son muy seguros ya que la carga se encuentra sujetada y amarrada dentro de la estructura de la caja cerrada del [&hellip;]\" \/>\n<meta property=\"og:url\" content=\"https:\/\/fleteenguadalajara.com\/zona-industrial\/fletes-en-camion-y-camioneta-de-caja-seca-y-cerrada\/\" \/>\n<meta property=\"og:site_name\" content=\"Flete en Guadalajara Zona Industrial\" \/>\n<meta property=\"og:image\" content=\"https:\/\/fleteenguadalajara.com\/zona-industrial\/wp-content\/uploads\/sites\/2\/2023\/03\/camion-de-5-toneladas-caja-seca-fleteenguadalajara-copy.jpg\" \/>\n<meta name=\"twitter:card\" content=\"summary_large_image\" \/>\n<script type=\"application\/ld+json\" class=\"yoast-schema-graph\">{\"@context\":\"https:\/\/schema.org\",\"@graph\":[{\"@type\":\"WebPage\",\"@id\":\"https:\/\/fleteenguadalajara.com\/zona-industrial\/fletes-en-camion-y-camioneta-de-caja-seca-y-cerrada\/\",\"url\":\"https:\/\/fleteenguadalajara.com\/zona-industrial\/fletes-en-camion-y-camioneta-de-caja-seca-y-cerrada\/\",\"name\":\"Fletes en cami\u00f3n y camioneta de caja seca y cerrada - Flete en Guadalajara Zona Industrial\",\"isPartOf\":{\"@id\":\"https:\/\/fleteenguadalajara.com\/zona-industrial\/#website\"},\"primaryImageOfPage\":{\"@id\":\"https:\/\/fleteenguadalajara.com\/zona-industrial\/fletes-en-camion-y-camioneta-de-caja-seca-y-cerrada\/#primaryimage\"},\"image\":{\"@id\":\"https:\/\/fleteenguadalajara.com\/zona-industrial\/fletes-en-camion-y-camioneta-de-caja-seca-y-cerrada\/#primaryimage\"},\"thumbnailUrl\":\"https:\/\/fleteenguadalajara.com\/zona-industrial\/wp-content\/uploads\/sites\/2\/2023\/03\/camion-de-5-toneladas-caja-seca-fleteenguadalajara-copy.jpg\",\"datePublished\":\"2023-03-12T21:24:54+00:00\",\"dateModified\":\"2023-03-12T21:24:54+00:00\",\"breadcrumb\":{\"@id\":\"https:\/\/fleteenguadalajara.com\/zona-industrial\/fletes-en-camion-y-camioneta-de-caja-seca-y-cerrada\/#breadcrumb\"},\"inLanguage\":\"es\",\"potentialAction\":[{\"@type\":\"ReadAction\",\"target\":[\"https:\/\/fleteenguadalajara.com\/zona-industrial\/fletes-en-camion-y-camioneta-de-caja-seca-y-cerrada\/\"]}]},{\"@type\":\"ImageObject\",\"inLanguage\":\"es\",\"@id\":\"https:\/\/fleteenguadalajara.com\/zona-industrial\/fletes-en-camion-y-camioneta-de-caja-seca-y-cerrada\/#primaryimage\",\"url\":\"https:\/\/fleteenguadalajara.com\/zona-industrial\/wp-content\/uploads\/sites\/2\/2023\/03\/camion-de-5-toneladas-caja-seca-fleteenguadalajara-copy.jpg\",\"contentUrl\":\"https:\/\/fleteenguadalajara.com\/zona-industrial\/wp-content\/uploads\/sites\/2\/2023\/03\/camion-de-5-toneladas-caja-seca-fleteenguadalajara-copy.jpg\",\"width\":1152,\"height\":864},{\"@type\":\"BreadcrumbList\",\"@id\":\"https:\/\/fleteenguadalajara.com\/zona-industrial\/fletes-en-camion-y-camioneta-de-caja-seca-y-cerrada\/#breadcrumb\",\"itemListElement\":[{\"@type\":\"ListItem\",\"position\":1,\"name\":\"Inicio\",\"item\":\"https:\/\/fleteenguadalajara.com\/zona-industrial\/\"},{\"@type\":\"ListItem\",\"position\":2,\"name\":\"Fletes en cami\u00f3n y camioneta de caja seca y cerrada\"}]},{\"@type\":\"WebSite\",\"@id\":\"https:\/\/fleteenguadalajara.com\/zona-industrial\/#website\",\"url\":\"https:\/\/fleteenguadalajara.com\/zona-industrial\/\",\"name\":\"Flete en Guadalajara Zona Industrial\",\"description\":\"\",\"publisher\":{\"@id\":\"https:\/\/fleteenguadalajara.com\/zona-industrial\/#organization\"},\"potentialAction\":[{\"@type\":\"SearchAction\",\"target\":{\"@type\":\"EntryPoint\",\"urlTemplate\":\"https:\/\/fleteenguadalajara.com\/zona-industrial\/?s={search_term_string}\"},\"query-input\":\"required name=search_term_string\"}],\"inLanguage\":\"es\"},{\"@type\":\"Organization\",\"@id\":\"https:\/\/fleteenguadalajara.com\/zona-industrial\/#organization\",\"name\":\"Flete en Guadalajara Zona Industrial\",\"url\":\"https:\/\/fleteenguadalajara.com\/zona-industrial\/\",\"logo\":{\"@type\":\"ImageObject\",\"inLanguage\":\"es\",\"@id\":\"https:\/\/fleteenguadalajara.com\/zona-industrial\/#\/schema\/logo\/image\/\",\"url\":\"https:\/\/fleteenguadalajara.com\/zona-industrial\/wp-content\/uploads\/sites\/2\/2023\/02\/logo-v7-3.png\",\"contentUrl\":\"https:\/\/fleteenguadalajara.com\/zona-industrial\/wp-content\/uploads\/sites\/2\/2023\/02\/logo-v7-3.png\",\"width\":130,\"height\":109,\"caption\":\"Flete en Guadalajara Zona Industrial\"},\"image\":{\"@id\":\"https:\/\/fleteenguadalajara.com\/zona-industrial\/#\/schema\/logo\/image\/\"}}]}<\/script>\n<!-- \/ Yoast SEO plugin. -->","yoast_head_json":{"title":"Fletes en cami\u00f3n y camioneta de caja seca y cerrada - Flete en Guadalajara Zona Industrial","robots":{"index":"index","follow":"follow","max-snippet":"max-snippet:-1","max-image-preview":"max-image-preview:large","max-video-preview":"max-video-preview:-1"},"canonical":"https:\/\/fleteenguadalajara.com\/zona-industrial\/fletes-en-camion-y-camioneta-de-caja-seca-y-cerrada\/","og_locale":"es_MX","og_type":"article","og_title":"Fletes en cami\u00f3n y camioneta de caja seca y cerrada - Flete en Guadalajara Zona Industrial","og_description":"Son para transportar cargas secas materia prima no perecederas, hasta materiales de construcci\u00f3n, Estos camiones tienen una estructura cerrada que protege la carga de la exposici\u00f3n al clima y al polvo, adem\u00e1s, estos camiones son muy seguros ya que la carga se encuentra sujetada y amarrada dentro de la estructura de la caja cerrada del [&hellip;]","og_url":"https:\/\/fleteenguadalajara.com\/zona-industrial\/fletes-en-camion-y-camioneta-de-caja-seca-y-cerrada\/","og_site_name":"Flete en Guadalajara Zona Industrial","og_image":[{"url":"https:\/\/fleteenguadalajara.com\/zona-industrial\/wp-content\/uploads\/sites\/2\/2023\/03\/camion-de-5-toneladas-caja-seca-fleteenguadalajara-copy.jpg"}],"twitter_card":"summary_large_image","schema":{"@context":"https:\/\/schema.org","@graph":[{"@type":"WebPage","@id":"https:\/\/fleteenguadalajara.com\/zona-industrial\/fletes-en-camion-y-camioneta-de-caja-seca-y-cerrada\/","url":"https:\/\/fleteenguadalajara.com\/zona-industrial\/fletes-en-camion-y-camioneta-de-caja-seca-y-cerrada\/","name":"Fletes en cami\u00f3n y camioneta de caja seca y cerrada - Flete en Guadalajara Zona Industrial","isPartOf":{"@id":"https:\/\/fleteenguadalajara.com\/zona-industrial\/#website"},"primaryImageOfPage":{"@id":"https:\/\/fleteenguadalajara.com\/zona-industrial\/fletes-en-camion-y-camioneta-de-caja-seca-y-cerrada\/#primaryimage"},"image":{"@id":"https:\/\/fleteenguadalajara.com\/zona-industrial\/fletes-en-camion-y-camioneta-de-caja-seca-y-cerrada\/#primaryimage"},"thumbnailUrl":"https:\/\/fleteenguadalajara.com\/zona-industrial\/wp-content\/uploads\/sites\/2\/2023\/03\/camion-de-5-toneladas-caja-seca-fleteenguadalajara-copy.jpg","datePublished":"2023-03-12T21:24:54+00:00","dateModified":"2023-03-12T21:24:54+00:00","breadcrumb":{"@id":"https:\/\/fleteenguadalajara.com\/zona-industrial\/fletes-en-camion-y-camioneta-de-caja-seca-y-cerrada\/#breadcrumb"},"inLanguage":"es","potentialAction":[{"@type":"ReadAction","target":["https:\/\/fleteenguadalajara.com\/zona-industrial\/fletes-en-camion-y-camioneta-de-caja-seca-y-cerrada\/"]}]},{"@type":"ImageObject","inLanguage":"es","@id":"https:\/\/fleteenguadalajara.com\/zona-industrial\/fletes-en-camion-y-camioneta-de-caja-seca-y-cerrada\/#primaryimage","url":"https:\/\/fleteenguadalajara.com\/zona-industrial\/wp-content\/uploads\/sites\/2\/2023\/03\/camion-de-5-toneladas-caja-seca-fleteenguadalajara-copy.jpg","contentUrl":"https:\/\/fleteenguadalajara.com\/zona-industrial\/wp-content\/uploads\/sites\/2\/2023\/03\/camion-de-5-toneladas-caja-seca-fleteenguadalajara-copy.jpg","width":1152,"height":864},{"@type":"BreadcrumbList","@id":"https:\/\/fleteenguadalajara.com\/zona-industrial\/fletes-en-camion-y-camioneta-de-caja-seca-y-cerrada\/#breadcrumb","itemListElement":[{"@type":"ListItem","position":1,"name":"Inicio","item":"https:\/\/fleteenguadalajara.com\/zona-industrial\/"},{"@type":"ListItem","position":2,"name":"Fletes en cami\u00f3n y camioneta de caja seca y cerrada"}]},{"@type":"WebSite","@id":"https:\/\/fleteenguadalajara.com\/zona-industrial\/#website","url":"https:\/\/fleteenguadalajara.com\/zona-industrial\/","name":"Flete en Guadalajara Zona Industrial","description":"","publisher":{"@id":"https:\/\/fleteenguadalajara.com\/zona-industrial\/#organization"},"potentialAction":[{"@type":"SearchAction","target":{"@type":"EntryPoint","urlTemplate":"https:\/\/fleteenguadalajara.com\/zona-industrial\/?s={search_term_string}"},"query-input":"required name=search_term_string"}],"inLanguage":"es"},{"@type":"Organization","@id":"https:\/\/fleteenguadalajara.com\/zona-industrial\/#organization","name":"Flete en Guadalajara Zona Industrial","url":"https:\/\/fleteenguadalajara.com\/zona-industrial\/","logo":{"@type":"ImageObject","inLanguage":"es","@id":"https:\/\/fleteenguadalajara.com\/zona-industrial\/#\/schema\/logo\/image\/","url":"https:\/\/fleteenguadalajara.com\/zona-industrial\/wp-content\/uploads\/sites\/2\/2023\/02\/logo-v7-3.png","contentUrl":"https:\/\/fleteenguadalajara.com\/zona-industrial\/wp-content\/uploads\/sites\/2\/2023\/02\/logo-v7-3.png","width":130,"height":109,"caption":"Flete en Guadalajara Zona Industrial"},"image":{"@id":"https:\/\/fleteenguadalajara.com\/zona-industrial\/#\/schema\/logo\/image\/"}}]}},"_links":{"self":[{"href":"https:\/\/fleteenguadalajara.com\/zona-industrial\/wp-json\/wp\/v2\/pages\/424"}],"collection":[{"href":"https:\/\/fleteenguadalajara.com\/zona-industrial\/wp-json\/wp\/v2\/pages"}],"about":[{"href":"https:\/\/fleteenguadalajara.com\/zona-industrial\/wp-json\/wp\/v2\/types\/page"}],"author":[{"embeddable":true,"href":"https:\/\/fleteenguadalajara.com\/zona-industrial\/wp-json\/wp\/v2\/users\/1"}],"replies":[{"embeddable":true,"href":"https:\/\/fleteenguadalajara.com\/zona-industrial\/wp-json\/wp\/v2\/comments?post=424"}],"version-history":[{"count":0,"href":"https:\/\/fleteenguadalajara.com\/zona-industrial\/wp-json\/wp\/v2\/pages\/424\/revisions"}],"wp:attachment":[{"href":"https:\/\/fleteenguadalajara.com\/zona-industrial\/wp-json\/wp\/v2\/media?parent=424"}],"curies":[{"name":"wp","href":"https:\/\/api.w.org\/{rel}","templated":true}]}}